{"id":45,"date":"2021-05-13T12:46:37","date_gmt":"2021-05-13T12:46:37","guid":{"rendered":"https:\/\/sagelab.cesnet.cz\/?page_id=45"},"modified":"2021-07-16T06:46:35","modified_gmt":"2021-07-16T06:46:35","slug":"home","status":"publish","type":"page","link":"https:\/\/sagelab.cesnet.cz\/en\/","title":{"rendered":""},"content":{"rendered":"<p><\/p>\n\n\n\n<div class=\"wp-block-group alignwide\"><div class=\"wp-block-group__inner-container is-layout-flow wp-block-group-is-layout-flow\">\n<div class=\"wp-block-columns alignwide are-vertically-aligned-top is-layout-flex wp-container-core-columns-is-layout-9d6595d7 wp-block-columns-is-layout-flex\">\n<div class=\"wp-block-column is-vertically-aligned-top is-layout-flow wp-block-column-is-layout-flow\" style=\"flex-basis:100%\">\n<h4 class=\"alignfull d-flex align-items-center wp-block-heading\"><img loading=\"lazy\" decoding=\"async\" width=\"46\" height=\"46\" class=\"wp-image-318\" style=\"width: 46px;\" src=\"https:\/\/sagelab.cesnet.cz\/wp-content\/uploads\/2021\/05\/recent-events.png\" alt=\"\" srcset=\"https:\/\/sagelab.cesnet.cz\/wp-content\/uploads\/2021\/05\/recent-events.png 48w, https:\/\/sagelab.cesnet.cz\/wp-content\/uploads\/2021\/05\/recent-events-12x12.png 12w\" sizes=\"auto, (max-width: 46px) 100vw, 46px\" \/>&nbsp;Latest news<\/h4>\n\n\n<ul class=\"wp-block-latest-posts__list has-dates alignfull wp-block-latest-posts\"><li><div class=\"wp-block-latest-posts__featured-image alignleft\"><a href=\"https:\/\/sagelab.cesnet.cz\/en\/2025\/09\/26\/noc-vedcu-2025\/\" aria-label=\"Noc v\u011bdc\u016f 2025\"><img loading=\"lazy\" decoding=\"async\" width=\"512\" height=\"512\" src=\"https:\/\/sagelab.cesnet.cz\/wp-content\/uploads\/2025\/09\/nocVedcu2025-512x512.png\" class=\"attachment-thumbnail size-thumbnail wp-post-image\" alt=\"\" style=\"max-width:128px;max-height:128px;\" \/><\/a><\/div><a class=\"wp-block-latest-posts__post-title\" href=\"https:\/\/sagelab.cesnet.cz\/en\/2025\/09\/26\/noc-vedcu-2025\/\">Noc v\u011bdc\u016f 2025<\/a><time datetime=\"2025-09-26T14:15:00+00:00\" class=\"wp-block-latest-posts__post-date\">09\/26\/2025<\/time><div class=\"wp-block-latest-posts__post-excerpt\">Dne 26.9.2025 se konala akce pro popularizaci v\u011bdy nazvan\u00e1 Noc v\u011bdc\u016f.<\/div><\/li>\n<li><div class=\"wp-block-latest-posts__featured-image alignleft\"><a href=\"https:\/\/sagelab.cesnet.cz\/en\/2025\/09\/23\/100g-konektivita-pro-laborator-sagelab\/\" aria-label=\"100G konektivita pro laborato\u0159 SAGElab\"><img loading=\"lazy\" decoding=\"async\" width=\"512\" height=\"512\" src=\"https:\/\/sagelab.cesnet.cz\/wp-content\/uploads\/2025\/10\/switch-512x512.jpg\" class=\"attachment-thumbnail size-thumbnail wp-post-image\" alt=\"\" style=\"max-width:128px;max-height:128px;\" \/><\/a><\/div><a class=\"wp-block-latest-posts__post-title\" href=\"https:\/\/sagelab.cesnet.cz\/en\/2025\/09\/23\/100g-konektivita-pro-laborator-sagelab\/\">100G konektivita pro laborato\u0159 SAGElab<\/a><time datetime=\"2025-09-23T22:31:42+00:00\" class=\"wp-block-latest-posts__post-date\">09\/23\/2025<\/time><div class=\"wp-block-latest-posts__post-excerpt\">Laborato\u0159e SAGElab, ULAB a GGLAB pro\u0161ly modernizac\u00ed s\u00ed\u0165ov\u00e9 infrastruktury \u2013 nov\u011b s p\u0159ipojen\u00edm 10 Gbps a uplinkem 100 Gbps.<\/div><\/li>\n<li><div class=\"wp-block-latest-posts__featured-image alignleft\"><a href=\"https:\/\/sagelab.cesnet.cz\/en\/2025\/06\/18\/testovani-mvtp-8k\/\" aria-label=\"Testov\u00e1n\u00ed MVTP 8K\"><img loading=\"lazy\" decoding=\"async\" width=\"512\" height=\"512\" src=\"https:\/\/sagelab.cesnet.cz\/wp-content\/uploads\/2025\/06\/8k_01-512x512.jpg\" class=\"attachment-thumbnail size-thumbnail wp-post-image\" alt=\"\" style=\"max-width:128px;max-height:128px;\" \/><\/a><\/div><a class=\"wp-block-latest-posts__post-title\" href=\"https:\/\/sagelab.cesnet.cz\/en\/2025\/06\/18\/testovani-mvtp-8k\/\">Testov\u00e1n\u00ed MVTP 8K<\/a><time datetime=\"2025-06-18T14:11:31+00:00\" class=\"wp-block-latest-posts__post-date\">06\/18\/2025<\/time><div class=\"wp-block-latest-posts__post-excerpt\">Dne 5. 8. 2025 se v laborato\u0159i SAGElab konal experiment\u00e1ln\u00ed p\u0159enos za pou\u017eit\u00ed ultra-low-latency technologie MVTP.<\/div><\/li>\n<li><div class=\"wp-block-latest-posts__featured-image alignleft\"><a href=\"https:\/\/sagelab.cesnet.cz\/en\/2024\/11\/09\/dod-fit-9-11-2024\/\" aria-label=\"DOD FIT 9.11.2024\"><img loading=\"lazy\" decoding=\"async\" width=\"512\" height=\"512\" src=\"https:\/\/sagelab.cesnet.cz\/wp-content\/uploads\/2024\/11\/B99A5395-512x512.jpg\" class=\"attachment-thumbnail size-thumbnail wp-post-image\" alt=\"\" style=\"max-width:128px;max-height:128px;\" \/><\/a><\/div><a class=\"wp-block-latest-posts__post-title\" href=\"https:\/\/sagelab.cesnet.cz\/en\/2024\/11\/09\/dod-fit-9-11-2024\/\">DOD FIT 9.11.2024<\/a><time datetime=\"2024-11-09T18:00:00+00:00\" class=\"wp-block-latest-posts__post-date\">11\/9\/2024<\/time><div class=\"wp-block-latest-posts__post-excerpt\">Dne 9. listopadu 2024 se na Fakult\u011b informa\u010dn\u00edch technologi\u00ed \u010cVUT uskute\u010dnil den otev\u0159en\u00fdch dve\u0159\u00ed pro bakal\u00e1\u0159sk\u00e9 a magistersk\u00e9 studenty. Laborato\u0159 SAGElab u toho nemohla chyb\u011bt!<\/div><\/li>\n<li><div class=\"wp-block-latest-posts__featured-image alignleft\"><a href=\"https:\/\/sagelab.cesnet.cz\/en\/2024\/09\/27\/noc-v\/\" aria-label=\"Noc v\u011bdc\u016f 2024\"><img loading=\"lazy\" decoding=\"async\" width=\"512\" height=\"512\" src=\"https:\/\/sagelab.cesnet.cz\/wp-content\/uploads\/2024\/09\/DSC08310-1-512x512.jpg\" class=\"attachment-thumbnail size-thumbnail wp-post-image\" alt=\"\" style=\"max-width:128px;max-height:128px;\" \/><\/a><\/div><a class=\"wp-block-latest-posts__post-title\" href=\"https:\/\/sagelab.cesnet.cz\/en\/2024\/09\/27\/noc-v\/\">Noc v\u011bdc\u016f 2024<\/a><time datetime=\"2024-09-27T17:00:00+00:00\" class=\"wp-block-latest-posts__post-date\">09\/27\/2024<\/time><div class=\"wp-block-latest-posts__post-excerpt\">Dne 27.9.2024 se konala akce pro popularizaci v\u011bdy nazvan\u00e1 Noc v\u011bdc\u016f.<\/div><\/li>\n<\/ul>\n\n\n<div class=\"wp-block-buttons is-content-justification-center is-layout-flex wp-block-buttons-is-layout-flex\">\n<div class=\"wp-block-button is-style-fill\"><a class=\"wp-block-button__link\" href=\"https:\/\/sagelab.cesnet.cz\/en\/category\/aktuality\/\" rel=\"\">More past events<\/a><\/div>\n<\/div>\n<\/div>\n<\/div>\n<\/div><\/div>","protected":false},"excerpt":{"rendered":"<p>&nbsp;Latest news<\/p>","protected":false},"author":1,"featured_media":1036,"parent":0,"menu_order":0,"comment_status":"closed","ping_status":"closed","template":"templates\/template-cover.php","meta":{"_acf_changed":false,"footnotes":""},"class_list":["post-45","page","type-page","status-publish","has-post-thumbnail","hentry"],"acf":[],"_links":{"self":[{"href":"https:\/\/sagelab.cesnet.cz\/en\/wp-json\/wp\/v2\/pages\/45","targetHints":{"allow":["GET"]}}],"collection":[{"href":"https:\/\/sagelab.cesnet.cz\/en\/wp-json\/wp\/v2\/pages"}],"about":[{"href":"https:\/\/sagelab.cesnet.cz\/en\/wp-json\/wp\/v2\/types\/page"}],"author":[{"embeddable":true,"href":"https:\/\/sagelab.cesnet.cz\/en\/wp-json\/wp\/v2\/users\/1"}],"replies":[{"embeddable":true,"href":"https:\/\/sagelab.cesnet.cz\/en\/wp-json\/wp\/v2\/comments?post=45"}],"version-history":[{"count":83,"href":"https:\/\/sagelab.cesnet.cz\/en\/wp-json\/wp\/v2\/pages\/45\/revisions"}],"predecessor-version":[{"id":1091,"href":"https:\/\/sagelab.cesnet.cz\/en\/wp-json\/wp\/v2\/pages\/45\/revisions\/1091"}],"wp:featuredmedia":[{"embeddable":true,"href":"https:\/\/sagelab.cesnet.cz\/en\/wp-json\/wp\/v2\/media\/1036"}],"wp:attachment":[{"href":"https:\/\/sagelab.cesnet.cz\/en\/wp-json\/wp\/v2\/media?parent=45"}],"curies":[{"name":"wp","href":"https:\/\/api.w.org\/{rel}","templated":true}]}}