{"id":35,"date":"2021-05-13T12:46:07","date_gmt":"2021-05-13T12:46:07","guid":{"rendered":"https:\/\/sagelab.cesnet.cz\/?page_id=35"},"modified":"2021-07-08T11:21:44","modified_gmt":"2021-07-08T11:21:44","slug":"kontakt","status":"publish","type":"page","link":"https:\/\/sagelab.cesnet.cz\/en\/kontakt\/","title":{"rendered":"Contacts"},"content":{"rendered":"<div class=\"wp-block-columns alignwide is-layout-flex wp-container-core-columns-is-layout-9d6595d7 wp-block-columns-is-layout-flex\">\n<div class=\"wp-block-column is-layout-flow wp-block-column-is-layout-flow\">\n<iframe loading=\"lazy\" src=\"https:\/\/www.google.com\/maps\/embed?pb=!1m18!1m12!1m3!1d2559.0398110659553!2d14.388040199999999!3d50.1042618!2m3!1f0!2f0!3f0!3m2!1i1024!2i768!4f13.1!3m3!1m2!1s0x470b953a374a9429%3A0xe5cd014d3e8aecc6!2zxIxlc2vDqSB2eXNva8OpIHXEjWVuw60gdGVjaG5pY2vDqSB2IFByYXplIC0gRmFrdWx0YSBzdGF2ZWJuw60sIFRow6FrdXJvdmEgMjA3Ny83LCAxNjAgMDAgUHJhaGEtUHJhaGEgNg!5e0!3m2!1scs!2scz!4v1440183123480\" allowfullscreen=\"\" width=\"100%\" height=\"100%\" frameborder=\"0\"><\/iframe>\n<\/div>\n\n\n\n<div class=\"wp-block-column is-layout-flow wp-block-column-is-layout-flow\">\n<h4 class=\"wp-block-heading\">Location:<\/h4>\n\n\n\n<p>Room A-1452 (building A, 14th floor)<br>Th\u00e1kurova 7<br>Praha 6 \u2013 Dejvice<br>160 00<\/p>\n\n\n\n<p>SAGElab is a joint laboratory of the CESNET Association and the Facult of Information Technologies of the Czech Technical University in Prague.<\/p>\n\n\n\n<h4 class=\"wp-block-heading\">Responsible persons:<\/h4>\n\n\n\n<ul class=\"wp-block-list\"><li>Dr. Ing. Sven Ubik (<a rel=\"noreferrer noopener\" href=\"mailto:melnikov@cesnet.cz\" target=\"_blank\">ubik@cesnet.cz<\/a>) CESNET, a.l.e.<\/li><li>Ing. Ji\u0159\u00ed Chludil (<a rel=\"noreferrer noopener\" href=\"mailto:jiri.chludil@fit.cvut.cz\" target=\"_blank\">jiri.chludil@fit.cvut.cz<\/a>) FIT CTU<\/li><\/ul>\n\n\n\n<h4 class=\"wp-block-heading\">Administrators:<\/h4>\n\n\n\n<ul class=\"wp-block-list\"><li>Ing. Ji\u0159\u00ed Melnikov (<a href=\"mailto:melnikov@cesnet.cz\" target=\"_blank\" rel=\"noreferrer noopener\">melnikov@cesnet.cz<\/a>)<\/li><li>Ing. Ji\u0159\u00ed Kubi\u0161ta (<a href=\"mailto:kubista@cesnet.cz\" target=\"_blank\" rel=\"noreferrer noopener\">kubista@cesnet.cz<\/a>)<\/li><\/ul>\n\n\n\n<h4 class=\"wp-block-heading\">Calendar of availability:<\/h4>\n\n\n\n<ul class=\"wp-block-list\"><li><a href=\"https:\/\/calendar.google.com\/calendar\/embed?src=kob0eg7qu8rfvb33n8e227l2t0%40group.calendar.google.com&amp;ctz=Europe\/Prague\">gCal<\/a><\/li><\/ul>\n<\/div>\n<\/div>\n\n\n\n<p><\/p>","protected":false},"excerpt":{"rendered":"<p>Um\u00edst\u011bn\u00ed: M\u00edstnost A-1452 (Budova A, 14. patro)Th\u00e1kurova 7Praha 6 \u2013 Dejvice160 00 Laborato\u0159 SAGElab je spole\u010dn\u00fdm pracovi\u0161t\u011bm sdru\u017een\u00ed CESNET a Fakulty informa\u010dn\u00edch technologi\u00ed (FIT) \u010cVUT v Praze. Odpov\u011bdn\u00e9 osoby: Dr. Ing. Sven Ubik (ubik@cesnet.cz) za CESNET, z.s.p.o. Ing. Ji\u0159\u00ed Chludil (jiri.chludil@fit.cvut.cz) za FIT \u010cVUT Spr\u00e1va laborato\u0159e: Ing. Ji\u0159\u00ed Melnikov (melnikov@cesnet.cz) Ing. Ji\u0159\u00ed Kubi\u0161ta (kubista@cesnet.cz) Kalend\u00e1\u0159 [&hellip;]<\/p>\n","protected":false},"author":1,"featured_media":0,"parent":0,"menu_order":0,"comment_status":"closed","ping_status":"closed","template":"templates\/template-full-width.php","meta":{"_acf_changed":false,"footnotes":""},"class_list":["post-35","page","type-page","status-publish","hentry"],"acf":[],"_links":{"self":[{"href":"https:\/\/sagelab.cesnet.cz\/en\/wp-json\/wp\/v2\/pages\/35","targetHints":{"allow":["GET"]}}],"collection":[{"href":"https:\/\/sagelab.cesnet.cz\/en\/wp-json\/wp\/v2\/pages"}],"about":[{"href":"https:\/\/sagelab.cesnet.cz\/en\/wp-json\/wp\/v2\/types\/page"}],"author":[{"embeddable":true,"href":"https:\/\/sagelab.cesnet.cz\/en\/wp-json\/wp\/v2\/users\/1"}],"replies":[{"embeddable":true,"href":"https:\/\/sagelab.cesnet.cz\/en\/wp-json\/wp\/v2\/comments?post=35"}],"version-history":[{"count":7,"href":"https:\/\/sagelab.cesnet.cz\/en\/wp-json\/wp\/v2\/pages\/35\/revisions"}],"predecessor-version":[{"id":1045,"href":"https:\/\/sagelab.cesnet.cz\/en\/wp-json\/wp\/v2\/pages\/35\/revisions\/1045"}],"wp:attachment":[{"href":"https:\/\/sagelab.cesnet.cz\/en\/wp-json\/wp\/v2\/media?parent=35"}],"curies":[{"name":"wp","href":"https:\/\/api.w.org\/{rel}","templated":true}]}}