{"id":107,"date":"2021-05-14T15:53:36","date_gmt":"2021-05-14T15:53:36","guid":{"rendered":"https:\/\/sagelab.cesnet.cz\/?page_id=107"},"modified":"2021-07-12T11:03:27","modified_gmt":"2021-07-12T11:03:27","slug":"vyzkum-a-spoluprace","status":"publish","type":"page","link":"https:\/\/sagelab.cesnet.cz\/en\/vyzkum-a-spoluprace\/","title":{"rendered":"Research and collaboration"},"content":{"rendered":"<div class=\"wp-block-group\"><div class=\"wp-block-group__inner-container is-layout-flow wp-block-group-is-layout-flow\">\n<p class=\"has-text-align-left\">CESNET cooperates with a number of institutions and companies in joint research projects and on an informal basis. The SAGElab also serves as a venue for communication, technology demonstrations and actual research and experimental collaboration. Currently, the SAGElab team is mainly working on the following areas of expertise. We would be happy to discuss opportunities for collaboration with your institution.<\/p>\n<\/div><\/div>\n\n\n\n<hr class=\"wp-block-separator\"\/>\n\n\n\n<h2 class=\"wp-block-heading\">Interactive 3D models with remote access<\/h2>\n\n\n\n<p>Accurate digital models of objects are important for the documentation of the condition of, for example, collection objects and new possibilities for their presentation to professionals and the general public. We can offer cooperation in the creation of high-quality 3D models and the realization of their presentation on the Internet or in the environment of exhibitions. Examples of models can be viewed on <a href=\"http:\/\/modely.cesnet.cz\">modely.cesnet.cz<\/a>.<\/p>\n\n\n\n<div class=\"wp-block-image\"><figure class=\"aligncenter size-large is-resized\"><img loading=\"lazy\" decoding=\"async\" src=\"https:\/\/sagelab.cesnet.cz\/wp-content\/uploads\/2021\/05\/lednicka.jpg\" alt=\"\" class=\"wp-image-304\" width=\"495\" height=\"591\"\/><\/figure><\/div>\n\n\n\n<hr class=\"wp-block-separator\"\/>\n\n\n\n<h2 class=\"wp-block-heading\">Live culture over the network<\/h2>\n\n\n\n<p>Vyv\u00edj\u00edme vlastn\u00ed technologii pro p\u0159enosy obrazu a zvuku p\u0159es po\u010d\u00edta\u010dovou s\u00ed\u0165 s velmi mal\u00fdm zpo\u017ed\u011bn\u00edm, v \u0159\u00e1du milisekund. Jednou ze zaj\u00edmav\u00fdch oblast\u00ed vyu\u017eit\u00ed je mo\u017enost propojen\u00ed hudebn\u00edk\u016f a dal\u0161\u00edch um\u011blc\u016f v re\u00e1ln\u00edm \u010dasu na d\u00e1lku, pro realizaci p\u0159edstaven\u00ed mezi m\u011bsty a zem\u011bmi a dal\u0161\u00ed aplikace. Realizovali jsme \u0159adu distribuovan\u00fdch p\u0159edstaven\u00ed v Evrop\u011b i na dal\u0161\u00ed kontinenty. V\u00edce informac\u00ed je mo\u017en\u00e9 naj\u00edt na str\u00e1nce <a href=\"http:\/\/mvtp.cesnet.cz\">http:\/\/mvtp.cesnet.cz<\/a>.<\/p>\n\n\n\n<div class=\"wp-block-image\"><figure class=\"aligncenter size-medium is-resized\"><img loading=\"lazy\" decoding=\"async\" src=\"https:\/\/sagelab.cesnet.cz\/wp-content\/uploads\/2021\/05\/koncert-1024x657.jpg\" alt=\"\" class=\"wp-image-306\" width=\"768\" height=\"493\" srcset=\"https:\/\/sagelab.cesnet.cz\/wp-content\/uploads\/2021\/05\/koncert-1024x657.jpg 1024w, https:\/\/sagelab.cesnet.cz\/wp-content\/uploads\/2021\/05\/koncert-768x493.jpg 768w, https:\/\/sagelab.cesnet.cz\/wp-content\/uploads\/2021\/05\/koncert-1536x986.jpg 1536w, https:\/\/sagelab.cesnet.cz\/wp-content\/uploads\/2021\/05\/koncert-2048x1315.jpg 2048w, https:\/\/sagelab.cesnet.cz\/wp-content\/uploads\/2021\/05\/koncert-16x10.jpg 16w, https:\/\/sagelab.cesnet.cz\/wp-content\/uploads\/2021\/05\/koncert-1200x770.jpg 1200w, https:\/\/sagelab.cesnet.cz\/wp-content\/uploads\/2021\/05\/koncert-1980x1271.jpg 1980w\" sizes=\"auto, (max-width: 768px) 100vw, 768px\" \/><\/figure><\/div>\n\n\n\n<hr class=\"wp-block-separator\"\/>\n\n\n\n<h2 class=\"wp-block-heading\">Data Visualization<\/h2>\n\n\n\n<p>The SAGElab is equipped with a visualization wall with a resolution of 9600\u00d74320 pixels and computers with powerful graphics cards. We can offer implementation or consultation in the field of data visualization, network transmission and display on visualization walls.<\/p>\n\n\n\n<div class=\"wp-block-image\"><figure class=\"aligncenter size-large is-resized\"><img loading=\"lazy\" decoding=\"async\" src=\"https:\/\/sagelab.cesnet.cz\/wp-content\/uploads\/2021\/05\/vizualizace-scaled.jpg\" alt=\"\" class=\"wp-image-307\" width=\"640\" height=\"415\" srcset=\"https:\/\/sagelab.cesnet.cz\/wp-content\/uploads\/2021\/05\/vizualizace-scaled.jpg 2560w, https:\/\/sagelab.cesnet.cz\/wp-content\/uploads\/2021\/05\/vizualizace-1024x663.jpg 1024w, https:\/\/sagelab.cesnet.cz\/wp-content\/uploads\/2021\/05\/vizualizace-768x498.jpg 768w, https:\/\/sagelab.cesnet.cz\/wp-content\/uploads\/2021\/05\/vizualizace-1536x995.jpg 1536w, https:\/\/sagelab.cesnet.cz\/wp-content\/uploads\/2021\/05\/vizualizace-2048x1327.jpg 2048w, https:\/\/sagelab.cesnet.cz\/wp-content\/uploads\/2021\/05\/vizualizace-16x10.jpg 16w, https:\/\/sagelab.cesnet.cz\/wp-content\/uploads\/2021\/05\/vizualizace-1200x777.jpg 1200w, https:\/\/sagelab.cesnet.cz\/wp-content\/uploads\/2021\/05\/vizualizace-1980x1283.jpg 1980w\" sizes=\"auto, (max-width: 640px) 100vw, 640px\" \/><\/figure><\/div>\n\n\n\n<hr class=\"wp-block-separator\"\/>\n\n\n\n<h2 class=\"wp-block-heading\">Children Usability Lab<\/h2>\n\n\n\n<p>he aim of the project is to create a Children Usability Lab using a wall of split-screen displays controlled by SAGE as an observation station. This lab is unique in its focus on the child user. Thanks to the acquired equipment, it will allow developers, psychologists and educators to observe the behaviour of the target group. The use of a wall of split displays as an observation workstation, demonstrates other possible uses of similar equipment. This project brings together seemingly unrelated disciplines and connects theory with practice.<\/p>\n\n\n\n<p>Coordinators:<\/p>\n\n\n\n<ul class=\"wp-block-list\"><li>Ond\u0159ej Br\u00e9m <a href=\"mailto:bremondr@fit.cvut.cz\">bremondr@fit.cvut.cz<\/a><\/li><li>Ji\u0159\u00ed Chludil&nbsp;<a href=\"mailto:jiri.chludil@fit.cvut.cz\">jiri.chludil@fit.cvut.cz<\/a><\/li><li>Ji\u0159\u00ed Melnikov&nbsp;<a href=\"mailto:melnijir@fit.cvut.cz\">melnijir@fit.cvut.cz<\/a><\/li><\/ul>\n\n\n\n<div class=\"wp-block-image\"><figure class=\"aligncenter size-large is-resized\"><img loading=\"lazy\" decoding=\"async\" src=\"https:\/\/sagelab.cesnet.cz\/wp-content\/uploads\/2021\/05\/chul_logo.cf6cda95f847cabf27ea9fae3c7fef08.jpg\" alt=\"\" class=\"wp-image-375\" width=\"791\" height=\"444\" srcset=\"https:\/\/sagelab.cesnet.cz\/wp-content\/uploads\/2021\/05\/chul_logo.cf6cda95f847cabf27ea9fae3c7fef08.jpg 640w, https:\/\/sagelab.cesnet.cz\/wp-content\/uploads\/2021\/05\/chul_logo.cf6cda95f847cabf27ea9fae3c7fef08-16x9.jpg 16w\" sizes=\"auto, (max-width: 791px) 100vw, 791px\" \/><\/figure><\/div>\n\n\n\n<hr class=\"wp-block-separator\"\/>\n\n\n\n<h2 class=\"wp-block-heading\">Internet of Things<\/h2>\n\n\n\n<p>We are developing our own technology for monitoring variables and communication through IoT networks. We operate our own testbed LoRaWAN network. We can offer development or consulting on IoT networking technologies, including circuit design, circuit board design, and program code development.<\/p>\n\n\n\n<div class=\"wp-block-image\"><figure class=\"aligncenter size-large is-resized\"><img loading=\"lazy\" decoding=\"async\" src=\"https:\/\/sagelab.cesnet.cz\/wp-content\/uploads\/2021\/05\/iot_sensor.jpg\" alt=\"\" class=\"wp-image-308\" width=\"750\" height=\"479\" srcset=\"https:\/\/sagelab.cesnet.cz\/wp-content\/uploads\/2021\/05\/iot_sensor.jpg 1500w, https:\/\/sagelab.cesnet.cz\/wp-content\/uploads\/2021\/05\/iot_sensor-1024x654.jpg 1024w, https:\/\/sagelab.cesnet.cz\/wp-content\/uploads\/2021\/05\/iot_sensor-768x490.jpg 768w, https:\/\/sagelab.cesnet.cz\/wp-content\/uploads\/2021\/05\/iot_sensor-16x10.jpg 16w, https:\/\/sagelab.cesnet.cz\/wp-content\/uploads\/2021\/05\/iot_sensor-1200x766.jpg 1200w\" sizes=\"auto, (max-width: 750px) 100vw, 750px\" \/><\/figure><\/div>\n\n\n\n<p><\/p>","protected":false},"excerpt":{"rendered":"<p>Sdru\u017een\u00ed CESNET spolupracuje s \u0159adou instituc\u00ed a podnik\u016f v r\u00e1mci spole\u010dn\u00fdch v\u00fdzkumn\u00fdch projektu i na neform\u00e1ln\u00ed b\u00e1zi. Laborato\u0159 SAGElab slou\u017e\u00ed i jako m\u00edsto pro komunikaci, demonstrace technologi\u00ed a vlastn\u00ed v\u00fdzkumnou a experiment\u00e1ln\u00ed spolupr\u00e1ci. V sou\u010dasn\u00e9 dob\u011b se t\u00fdm v laborato\u0159i SAGElab v\u011bnuje zejm\u00e9na n\u00e1sleduj\u00edc\u00edm odborn\u00fdm oblastem. R\u00e1di projedn\u00e1me mo\u017enosti spolupr\u00e1ce s Va\u0161\u00ed instituc\u00ed. Interaktivn\u00ed 3D [&hellip;]<\/p>\n","protected":false},"author":1,"featured_media":0,"parent":0,"menu_order":0,"comment_status":"closed","ping_status":"closed","template":"templates\/template-full-width.php","meta":{"_acf_changed":false,"footnotes":""},"class_list":["post-107","page","type-page","status-publish","hentry"],"acf":[],"_links":{"self":[{"href":"https:\/\/sagelab.cesnet.cz\/en\/wp-json\/wp\/v2\/pages\/107","targetHints":{"allow":["GET"]}}],"collection":[{"href":"https:\/\/sagelab.cesnet.cz\/en\/wp-json\/wp\/v2\/pages"}],"about":[{"href":"https:\/\/sagelab.cesnet.cz\/en\/wp-json\/wp\/v2\/types\/page"}],"author":[{"embeddable":true,"href":"https:\/\/sagelab.cesnet.cz\/en\/wp-json\/wp\/v2\/users\/1"}],"replies":[{"embeddable":true,"href":"https:\/\/sagelab.cesnet.cz\/en\/wp-json\/wp\/v2\/comments?post=107"}],"version-history":[{"count":29,"href":"https:\/\/sagelab.cesnet.cz\/en\/wp-json\/wp\/v2\/pages\/107\/revisions"}],"predecessor-version":[{"id":1061,"href":"https:\/\/sagelab.cesnet.cz\/en\/wp-json\/wp\/v2\/pages\/107\/revisions\/1061"}],"wp:attachment":[{"href":"https:\/\/sagelab.cesnet.cz\/en\/wp-json\/wp\/v2\/media?parent=107"}],"curies":[{"name":"wp","href":"https:\/\/api.w.org\/{rel}","templated":true}]}}