{"id":105,"date":"2021-05-13T18:26:36","date_gmt":"2021-05-13T18:26:36","guid":{"rendered":"https:\/\/sagelab.cesnet.cz\/?page_id=105"},"modified":"2021-06-21T12:36:13","modified_gmt":"2021-06-21T12:36:13","slug":"projekty","status":"publish","type":"page","link":"https:\/\/sagelab.cesnet.cz\/en\/projekty\/","title":{"rendered":"Student Projects"},"content":{"rendered":"<div id=\"post-grid-lazy-939\" class=\"post-grid-lazy\"><img decoding=\"async\" alt=\"\" src=\"\" \/><\/div>\n    <script>\n      jQuery('#post-grid-lazy-939').ready(function($) {\n        $('#post-grid-lazy-939').fadeOut();\n        $('#post-grid-939   ').fadeIn();\n      })\n    <\/script>\n    <style type=\"text\/css\">\n      #post-grid-939 {\n        display: none;\n      }\n\n      .post-grid-lazy {\n        text-align: center;\n      }\n    <\/style>\n    <div data-options='{&quot;id&quot;:&quot;939&quot;,&quot;lazy_load&quot;:&quot;yes&quot;,&quot;masonry_enable&quot;:&quot;no&quot;,&quot;view_type&quot;:&quot;grid&quot;}' id=\"post-grid-939\" class=\"post-grid grid\">\n    \n\n\n    <div class=\"grid-items\">\n      <div class=\"item item-442 skin flat even 0\">\n        <div class=\"layer-wrapper layout-956\">\n          <div class=\"card card-project element_1622385776582\"\r\n        id=\"\">\r\n        <div class=\"element element_1622386080761  title\">\r\n                    <a target=\"_blank\"\r\n                href=\"https:\/\/sagelab.cesnet.cz\/en\/2021\/05\/20\/vizualizace-3d-pole-vektoru\/\">Visualization of 3D array of vectors<\/a>\r\n            <\/div>\r\n    <div class=\"element element_1622387223932  thumb_link\">\r\n                    <a target=\"_blank\" href=\"https:\/\/sagelab.cesnet.cz\/en\/2021\/05\/20\/vizualizace-3d-pole-vektoru\/\"><img decoding=\"async\"\r\n                    alt=\"\" src=\"https:\/\/sagelab.cesnet.cz\/wp-content\/uploads\/2021\/05\/3DvectorySlunce.8a8de4873126b96c4f72468235667e46.jpg\"><\/a>\r\n            <\/div>\r\n    <div class=\"element element_1622386140951  excerpt\">\r\n        Interaktivn\u00ed aplikace umo\u017e\u0148uje vizualizaci 3-rozm\u011brn\u00e9ho pole vektor\u016f. Vyu\u017eit\u00ed je nap\u0159\u00edklad pro vizualizaci astronomick\u00fdch dat.            <\/div>\r\n    <\/div>\r\n    <\/div>\n  <\/div><div class=\"item item-445 skin flat odd 1\">\n        <div class=\"layer-wrapper layout-956\">\n          <div class=\"card card-project element_1622385776582\"\r\n        id=\"\">\r\n        <div class=\"element element_1622386080761  title\">\r\n                    <a target=\"_blank\"\r\n                href=\"https:\/\/sagelab.cesnet.cz\/en\/2021\/05\/20\/ovladani-jasu-lcd-steny\/\">Device for LCD brightness control<\/a>\r\n            <\/div>\r\n    <div class=\"element element_1622387223932  thumb_link\">\r\n                    <a target=\"_blank\" href=\"https:\/\/sagelab.cesnet.cz\/en\/2021\/05\/20\/ovladani-jasu-lcd-steny\/\"><img decoding=\"async\"\r\n                    alt=\"\" src=\"https:\/\/sagelab.cesnet.cz\/wp-content\/uploads\/2021\/05\/pavol_kusita_logo.e7ce817872809256c49e8c6504b8e8fa.jpg\"><\/a>\r\n            <\/div>\r\n    <div class=\"element element_1622386140951  excerpt\">\r\n        Allows users to easily adjust brightness of an LCD wall            <\/div>\r\n    <\/div>\r\n    <\/div>\n  <\/div><div class=\"item item-448 skin flat even 2\">\n        <div class=\"layer-wrapper layout-956\">\n          <div class=\"card card-project element_1622385776582\"\r\n        id=\"\">\r\n        <div class=\"element element_1622386080761  title\">\r\n                    <a target=\"_blank\"\r\n                href=\"https:\/\/sagelab.cesnet.cz\/en\/2021\/05\/20\/ovladani-lcd-steny-a-sage\/\">LCD wall touch control<\/a>\r\n            <\/div>\r\n    <div class=\"element element_1622387223932  thumb_link\">\r\n                    <a target=\"_blank\" href=\"https:\/\/sagelab.cesnet.cz\/en\/2021\/05\/20\/ovladani-lcd-steny-a-sage\/\"><img decoding=\"async\"\r\n                    alt=\"\" src=\"https:\/\/sagelab.cesnet.cz\/wp-content\/uploads\/2021\/05\/touchscreen.f14cabedd54d7341dd6d0c6597b5e362.jpg\"><\/a>\r\n            <\/div>\r\n    <div class=\"element element_1622386140951  excerpt\">\r\n        C++ library enabling the control of NEC LCDs. Touch control for LCD wall.            <\/div>\r\n    <\/div>\r\n    <\/div>\n  <\/div><div class=\"item item-452 skin flat odd 3\">\n        <div class=\"layer-wrapper layout-956\">\n          <div class=\"card card-project element_1622385776582\"\r\n        id=\"\">\r\n        <div class=\"element element_1622386080761  title\">\r\n                    <a target=\"_blank\"\r\n                href=\"https:\/\/sagelab.cesnet.cz\/en\/2021\/05\/20\/kamerove-pole\/\">Camera array stitching<\/a>\r\n            <\/div>\r\n    <div class=\"element element_1622387223932  thumb_link\">\r\n                    <a target=\"_blank\" href=\"https:\/\/sagelab.cesnet.cz\/en\/2021\/05\/20\/kamerove-pole\/\"><img decoding=\"async\"\r\n                    alt=\"\" src=\"https:\/\/sagelab.cesnet.cz\/wp-content\/uploads\/2021\/05\/richard_molnar_logo.d96d75131f6dac5ca3485524cb5d3d18.jpg\"><\/a>\r\n            <\/div>\r\n    <div class=\"element element_1622386140951  excerpt\">\r\n        A module for real time video stitching from multiple cameras for panoramic and large resolution live video.            <\/div>\r\n    <\/div>\r\n    <\/div>\n  <\/div><div class=\"item item-455 skin flat even 4\">\n        <div class=\"layer-wrapper layout-956\">\n          <div class=\"card card-project element_1622385776582\"\r\n        id=\"\">\r\n        <div class=\"element element_1622386080761  title\">\r\n                    <a target=\"_blank\"\r\n                href=\"https:\/\/sagelab.cesnet.cz\/en\/2021\/05\/20\/sketchfab-viewer\/\">Sketchfab Viewer<\/a>\r\n            <\/div>\r\n    <div class=\"element element_1622387223932  thumb_link\">\r\n                    <a target=\"_blank\" href=\"https:\/\/sagelab.cesnet.cz\/en\/2021\/05\/20\/sketchfab-viewer\/\"><img decoding=\"async\"\r\n                    alt=\"\" src=\"https:\/\/sagelab.cesnet.cz\/wp-content\/uploads\/2021\/05\/sketchfab_viewer.078283b6c7216e0692c8a45e3c2d3a95.jpg\"><\/a>\r\n            <\/div>\r\n    <div class=\"element element_1622386140951  excerpt\">\r\n        Sketchfab 3D model viewer for SAGE2 wall            <\/div>\r\n    <\/div>\r\n    <\/div>\n  <\/div><div class=\"item item-459 skin flat odd 5\">\n        <div class=\"layer-wrapper layout-956\">\n          <div class=\"card card-project element_1622385776582\"\r\n        id=\"\">\r\n        <div class=\"element element_1622386080761  title\">\r\n                    <a target=\"_blank\"\r\n                href=\"https:\/\/sagelab.cesnet.cz\/en\/2021\/05\/20\/deep-viewer\/\">Deep Viewer<\/a>\r\n            <\/div>\r\n    <div class=\"element element_1622387223932  thumb_link\">\r\n                    <a target=\"_blank\" href=\"https:\/\/sagelab.cesnet.cz\/en\/2021\/05\/20\/deep-viewer\/\"><img decoding=\"async\"\r\n                    alt=\"\" src=\"https:\/\/sagelab.cesnet.cz\/wp-content\/uploads\/2021\/05\/deep_viewer.54fb18bd3c17f8a8b47566aa4889a681.jpg\"><\/a>\r\n            <\/div>\r\n    <div class=\"element element_1622386140951  excerpt\">\r\n        Gigapixel image viewer for SAGE2 wall            <\/div>\r\n    <\/div>\r\n    <\/div>\n  <\/div><div class=\"item item-461 skin flat even 6\">\n        <div class=\"layer-wrapper layout-956\">\n          <div class=\"card card-project element_1622385776582\"\r\n        id=\"\">\r\n        <div class=\"element element_1622386080761  title\">\r\n                    <a target=\"_blank\"\r\n                href=\"https:\/\/sagelab.cesnet.cz\/en\/2021\/05\/20\/mobilni-ovladani-sage2\/\">SAGE2 mobile control<\/a>\r\n            <\/div>\r\n    <div class=\"element element_1622387223932  thumb_link\">\r\n                    <a target=\"_blank\" href=\"https:\/\/sagelab.cesnet.cz\/en\/2021\/05\/20\/mobilni-ovladani-sage2\/\"><img decoding=\"async\"\r\n                    alt=\"\" src=\"https:\/\/sagelab.cesnet.cz\/wp-content\/uploads\/2021\/05\/mobile_sage.25bb9d8bb3c353d424b7861a4f6870a7.png\"><\/a>\r\n            <\/div>\r\n    <div class=\"element element_1622386140951  excerpt\">\r\n        Allows to use and control SAGE2 environment from mobile devices            <\/div>\r\n    <\/div>\r\n    <\/div>\n  <\/div><div class=\"item item-463 skin flat odd 7\">\n        <div class=\"layer-wrapper layout-956\">\n          <div class=\"card card-project element_1622385776582\"\r\n        id=\"\">\r\n        <div class=\"element element_1622386080761  title\">\r\n                    <a target=\"_blank\"\r\n                href=\"https:\/\/sagelab.cesnet.cz\/en\/2021\/05\/20\/bezdotykove-ovladani\/\">SAGE2 gesture control<\/a>\r\n            <\/div>\r\n    <div class=\"element element_1622387223932  thumb_link\">\r\n                    <a target=\"_blank\" href=\"https:\/\/sagelab.cesnet.cz\/en\/2021\/05\/20\/bezdotykove-ovladani\/\"><img decoding=\"async\"\r\n                    alt=\"\" src=\"https:\/\/sagelab.cesnet.cz\/wp-content\/uploads\/2021\/05\/kinect2.cf6cda95f847cabf27ea9fae3c7fef08-1.jpg\"><\/a>\r\n            <\/div>\r\n    <div class=\"element element_1622386140951  excerpt\">\r\n        Software for gesture based control of SAGE2 environment with Kinect 2            <\/div>\r\n    <\/div>\r\n    <\/div>\n  <\/div><div class=\"item item-465 skin flat even 8\">\n        <div class=\"layer-wrapper layout-956\">\n          <div class=\"card card-project element_1622385776582\"\r\n        id=\"\">\r\n        <div class=\"element element_1622386080761  title\">\r\n                    <a target=\"_blank\"\r\n                href=\"https:\/\/sagelab.cesnet.cz\/en\/2021\/05\/20\/sage-pro-gentoo\/\">SAGE for Gentoo Linux<\/a>\r\n            <\/div>\r\n    <div class=\"element element_1622387223932  thumb_link\">\r\n                    <a target=\"_blank\" href=\"https:\/\/sagelab.cesnet.cz\/en\/2021\/05\/20\/sage-pro-gentoo\/\"><img decoding=\"async\"\r\n                    alt=\"\" src=\"https:\/\/sagelab.cesnet.cz\/wp-content\/uploads\/2021\/05\/gentoo_overlay_logo.f8a4344a9b8d9c42d22ff1010f93344c.png\"><\/a>\r\n            <\/div>\r\n    <div class=\"element element_1622386140951  excerpt\">\r\n        SAGE software repository for the Gentoo Linux distribution            <\/div>\r\n    <\/div>\r\n    <\/div>\n  <\/div><div class=\"item item-467 skin flat odd 9\">\n        <div class=\"layer-wrapper layout-956\">\n          <div class=\"card card-project element_1622385776582\"\r\n        id=\"\">\r\n        <div class=\"element element_1622386080761  title\">\r\n                    <a target=\"_blank\"\r\n                href=\"https:\/\/sagelab.cesnet.cz\/en\/2021\/05\/20\/sage-capture-sac\/\">SAGE Capture (SAC)<\/a>\r\n            <\/div>\r\n    <div class=\"element element_1622387223932  thumb_link\">\r\n                    <a target=\"_blank\" href=\"https:\/\/sagelab.cesnet.cz\/en\/2021\/05\/20\/sage-capture-sac\/\"><img decoding=\"async\"\r\n                    alt=\"\" src=\"https:\/\/sagelab.cesnet.cz\/wp-content\/uploads\/2021\/05\/sac_logo.e48f342cb643cc54ec7822ae0ee69751.png\"><\/a>\r\n            <\/div>\r\n    <div class=\"element element_1622386140951  excerpt\">\r\n        The SAC software can be used to record and playback applications running on the SAGE wall. The current version can record several HD streams or one 4K stream with other concurrent static content.            <\/div>\r\n    <\/div>\r\n    <\/div>\n  <\/div>    <\/div>\n          <style type=\"text\/css\">\r\n            .layout-956 .element_1622385776582 {\r\n                            }\r\n\r\n                    <\/style>\r\n        <style type=\"text\/css\">\r\n        .layout-956 .element_1622386080761 {\r\n            font-size: 3.2rem;\r\n            margin: 10px 0;\r\n            text-align: left;\r\n            font-weight: 700;        }\r\n\r\n        .layout-956 .element_1622386080761 a {\r\n            font-size: 3.2rem;\r\n            margin: 10px 0;\r\n            text-align: left;\r\n            font-weight: 700;        }\r\n    <\/style>\r\n    <style type=\"text\/css\">\r\n        .layout-956 .element_1622387223932 {\r\n            overflow: hidden;\r\n                    }\r\n\r\n        .layout-956 .element_1622387223932 img {\r\n            max-width: 100%;\r\n            height: auto;\r\n        }\r\n\r\n        @media only screen and (min-width: 1024px) {\r\n            .layout-956 .element_1622387223932 {\r\n                            }\r\n        }\r\n\r\n        @media only screen and (min-width: 768px) and (max-width: 1023px) {\r\n            .layout-956 .element_1622387223932 {\r\n                            }\r\n        }\r\n\r\n        @media only screen and (min-width: 0px) and (max-width: 767px) {\r\n            .layout-956 .element_1622387223932 {\r\n                            }\r\n        }\r\n    <\/style>\r\n    <style type=\"text\/css\">\r\n        .layout-956 .element_1622386140951 {\r\n            font-size: 0.842em;\r\n            margin: 10px 0;\r\n            text-align: left;\r\n            font-family: &#039;Roboto&#039;, sans-serif !important;        }\r\n\r\n        .layout-956 .element_1622386140951 a {\r\n            font-size: 0.842em;\r\n                    }\r\n    <\/style>\r\n        <style type=\"text\/css\">\n      .element_1622386080761 a{\r\n\ttext-decoration: none;\r\n}\r\n\r\n.layout-956 {\r\n\theight: 100%;\r\n}    <\/style>\n    <script>\n          <\/script>\n    <style type=\"text\/css\">\n    #post-grid-939 {\n      padding: 10px;\n          }\n\n    #post-grid-939 .item {\n      padding: 0px;\n      background: #fff;\n          }\n\n    #post-grid-939 .item .layer-media {\n      height:auto;    }\n\n    @media only screen and (min-width: 0px) and (max-width: 767px) {\n      #post-grid-939 .grid-items {\n        text-align: center;\n              }\n\n      #post-grid-939 .item {\n        width: 90%;\n        margin: 10px;\n        display: inline-block;\n        vertical-align: top;\n        height:auto;      }\n    }\n\n    @media only screen and (min-width: 768px) and (max-width: 1023px) {\n      #post-grid-939 .grid-items {\n        text-align: center;\n              }\n\n      #post-grid-939 .item {\n        width: 280px;\n        margin: 10px;\n        display: inline-block;\n        vertical-align: top;\n        max-height:auto;      }\n    }\n\n    @media only screen and (min-width: 1024px) {\n      #post-grid-939 .grid-items {\n        text-align: center;\n              }\n\n      #post-grid-939 .item {\n        width: 30%;\n        display: inline-block;\n        margin: 10px;\n        vertical-align: top;\n        height:auto;      }\n    }\n\n      <\/style>\n  <\/div>\n\n\n\n\n<p><\/p>","protected":false},"excerpt":{"rendered":"","protected":false},"author":1,"featured_media":0,"parent":0,"menu_order":0,"comment_status":"closed","ping_status":"closed","template":"templates\/template-full-width.php","meta":{"_acf_changed":false,"footnotes":""},"class_list":["post-105","page","type-page","status-publish","hentry"],"acf":[],"_links":{"self":[{"href":"https:\/\/sagelab.cesnet.cz\/en\/wp-json\/wp\/v2\/pages\/105","targetHints":{"allow":["GET"]}}],"collection":[{"href":"https:\/\/sagelab.cesnet.cz\/en\/wp-json\/wp\/v2\/pages"}],"about":[{"href":"https:\/\/sagelab.cesnet.cz\/en\/wp-json\/wp\/v2\/types\/page"}],"author":[{"embeddable":true,"href":"https:\/\/sagelab.cesnet.cz\/en\/wp-json\/wp\/v2\/users\/1"}],"replies":[{"embeddable":true,"href":"https:\/\/sagelab.cesnet.cz\/en\/wp-json\/wp\/v2\/comments?post=105"}],"version-history":[{"count":31,"href":"https:\/\/sagelab.cesnet.cz\/en\/wp-json\/wp\/v2\/pages\/105\/revisions"}],"predecessor-version":[{"id":1017,"href":"https:\/\/sagelab.cesnet.cz\/en\/wp-json\/wp\/v2\/pages\/105\/revisions\/1017"}],"wp:attachment":[{"href":"https:\/\/sagelab.cesnet.cz\/en\/wp-json\/wp\/v2\/media?parent=105"}],"curies":[{"name":"wp","href":"https:\/\/api.w.org\/{rel}","templated":true}]}}