{"id":103,"date":"2021-05-13T18:26:23","date_gmt":"2021-05-13T18:26:23","guid":{"rendered":"https:\/\/sagelab.cesnet.cz\/?page_id=103"},"modified":"2021-07-12T11:08:55","modified_gmt":"2021-07-12T11:08:55","slug":"vyuka","status":"publish","type":"page","link":"https:\/\/sagelab.cesnet.cz\/en\/vyuka\/","title":{"rendered":"Teaching"},"content":{"rendered":"<div class=\"wp-block-columns alignwide is-layout-flex wp-container-core-columns-is-layout-9d6595d7 wp-block-columns-is-layout-flex\">\n<div class=\"wp-block-column is-layout-flow wp-block-column-is-layout-flow\">\n<h4 class=\"wp-block-heading\">Bachelor seminars<\/h4>\n\n\n<div class=\"card card-class\">\n               <div class=\"top-line\">\n                 <a href=\"http:\/\/bk.fit.cvut.cz\/cz\/predmety\/00\/00\/00\/00\/00\/00\/01\/12\/29\/p1122906.html\" class=\"class-code\">BI-MGA<\/a>\n                 <div class=\"class-info\">\n                  <div class=\"d-flex justify-content-end\">\n\t           <div class=\"class-icon-container\" title=\"Winter Semester\">\n                     <i class=\"class-icon text-primary material-icons\">ac_unit<\/i>\n                   <\/div>\n\t\t   <div class=\"class-icon-container\" title=\"Number of lectures and tutorials weekly\">\n                     <i class=\"class-icon material-icons\">schedule<\/i>\n                     <span>&nbsp;2 + 2<\/span>\n                   <\/div>\n\t\t   <div class=\"class-icon-container\" title=\"Seminar classification\">\n                     <i class=\"class-icon material-icons\">assistant_photo<\/i>\n                     <span>&nbsp;Z + Zk<\/span>\n                   <\/div>\n\t\t   <div class=\"class-icon-container\" title=\"Credits\">\n                     <i class=\"class-icon material-icons\">task_alt<\/i>\n\t\t     <span>&nbsp;5<\/span>\n                   <\/div>\n                  <\/div>\n                   <div class=\"class-teachers text-bold d-flex justify-content-end\">\n                     <span class=\"text-muted\">Teacher:&nbsp;<\/span><span>Jan Buri\u00e1nek<\/span>\n                   <\/div>\n                 <\/div>\n               <\/div>\n               <div class=\"d-flex justify-content-center\">\n                 <a href=\"http:\/\/bk.fit.cvut.cz\/cz\/predmety\/00\/00\/00\/00\/00\/00\/01\/12\/29\/p1122906.html\">Multimedia and Graphics Applications<\/a>\n               <\/div>\n            <\/div>\n\n\n<div class=\"card card-class\">\n               <div class=\"top-line\">\n                 <a href=\"http:\/\/bk.fit.cvut.cz\/cz\/predmety\/00\/00\/00\/00\/00\/00\/01\/12\/36\/p1123606.html\" class=\"class-code\">BI-SP1<\/a>\n                 <div class=\"class-info\">\n                  <div class=\"d-flex justify-content-end\">\n\t           <div class=\"class-icon-container\" title=\"Winter Semester\">\n                     <i class=\"class-icon text-primary material-icons\">ac_unit<\/i>\n                   <\/div>\n\t\t   <div class=\"class-icon-container\" title=\"Number of lectures and tutorials weekly\">\n                     <i class=\"class-icon material-icons\">schedule<\/i>\n                     <span>&nbsp;0 + 2<\/span>\n                   <\/div>\n\t\t   <div class=\"class-icon-container\" title=\"Seminar classification\">\n                     <i class=\"class-icon material-icons\">assistant_photo<\/i>\n                     <span>&nbsp;KZ<\/span>\n                   <\/div>\n\t\t   <div class=\"class-icon-container\" title=\"Credits\">\n                     <i class=\"class-icon material-icons\">task_alt<\/i>\n\t\t     <span>&nbsp;4<\/span>\n                   <\/div>\n                  <\/div>\n                   <div class=\"class-teachers text-bold d-flex justify-content-end\">\n                     <span class=\"text-muted\">Teacher:&nbsp;<\/span><span>Jan Buri\u00e1nek<\/span>\n                   <\/div>\n                 <\/div>\n               <\/div>\n               <div class=\"d-flex justify-content-center\">\n                 <a href=\"http:\/\/bk.fit.cvut.cz\/cz\/predmety\/00\/00\/00\/00\/00\/00\/01\/12\/36\/p1123606.html\">Team Software Project 1<\/a>\n               <\/div>\n            <\/div>\n\n\n<div class=\"card card-class\">\n               <div class=\"top-line\">\n                 <a href=\"http:\/\/bk.fit.cvut.cz\/cz\/predmety\/00\/00\/00\/00\/00\/00\/03\/46\/08\/p3460806.html\" class=\"class-code\">BI-PGA<\/a>\n                 <div class=\"class-info\">\n                  <div class=\"d-flex justify-content-end\">\n\t           <div class=\"class-icon-container\" title=\"Winter Semester\">\n                     <i class=\"class-icon text-primary material-icons\">ac_unit<\/i>\n                   <\/div>\n\t\t   <div class=\"class-icon-container\" title=\"Number of lectures and tutorials weekly\">\n                     <i class=\"class-icon material-icons\">schedule<\/i>\n                     <span>&nbsp;2 + 2<\/span>\n                   <\/div>\n\t\t   <div class=\"class-icon-container\" title=\"Seminar classification\">\n                     <i class=\"class-icon material-icons\">assistant_photo<\/i>\n                     <span>&nbsp;Z + Zk<\/span>\n                   <\/div>\n\t\t   <div class=\"class-icon-container\" title=\"Credits\">\n                     <i class=\"class-icon material-icons\">task_alt<\/i>\n\t\t     <span>&nbsp;5<\/span>\n                   <\/div>\n                  <\/div>\n                   <div class=\"class-teachers text-bold d-flex justify-content-end\">\n                     <span class=\"text-muted\">Teacher:&nbsp;<\/span><span>Ji\u0159\u00ed Chludil, Radek Richtr<\/span>\n                   <\/div>\n                 <\/div>\n               <\/div>\n               <div class=\"d-flex justify-content-center\">\n                 <a href=\"http:\/\/bk.fit.cvut.cz\/cz\/predmety\/00\/00\/00\/00\/00\/00\/03\/46\/08\/p3460806.html\">Graphical Application Programming<\/a>\n               <\/div>\n            <\/div>\n\n\n<div class=\"card card-class\">\n               <div class=\"top-line\">\n                 <a href=\"http:\/\/bk.fit.cvut.cz\/cz\/predmety\/00\/00\/00\/00\/00\/00\/06\/58\/57\/p6585706.html\" class=\"class-code\">BI-SP2<\/a>\n                 <div class=\"class-info\">\n                  <div class=\"d-flex justify-content-end\">\n\t           <div class=\"class-icon-container\" title=\"Summer Semester\">\n                     <i class=\"class-icon text-yellow material-icons\">wb_sunny<\/i>\n                   <\/div>\n\t\t   <div class=\"class-icon-container\" title=\"Number of lectures and tutorials weekly\">\n                     <i class=\"class-icon material-icons\">schedule<\/i>\n                     <span>&nbsp;0 + 2<\/span>\n                   <\/div>\n\t\t   <div class=\"class-icon-container\" title=\"Seminar classification\">\n                     <i class=\"class-icon material-icons\">assistant_photo<\/i>\n                     <span>&nbsp;KZ<\/span>\n                   <\/div>\n\t\t   <div class=\"class-icon-container\" title=\"Credits\">\n                     <i class=\"class-icon material-icons\">task_alt<\/i>\n\t\t     <span>&nbsp;6<\/span>\n                   <\/div>\n                  <\/div>\n                   <div class=\"class-teachers text-bold d-flex justify-content-end\">\n                     <span class=\"text-muted\">Teacher:&nbsp;<\/span><span>Ji\u0159\u00ed Mlejnek<\/span>\n                   <\/div>\n                 <\/div>\n               <\/div>\n               <div class=\"d-flex justify-content-center\">\n                 <a href=\"http:\/\/bk.fit.cvut.cz\/cz\/predmety\/00\/00\/00\/00\/00\/00\/06\/58\/57\/p6585706.html\">Team Software Project 2<\/a>\n               <\/div>\n            <\/div>\n\n\n<div class=\"card card-class\">\n               <div class=\"top-line\">\n                 <a href=\"http:\/\/bk.fit.cvut.cz\/cz\/predmety\/00\/00\/00\/00\/00\/00\/01\/12\/59\/p1125906.html\" class=\"class-code\">BI-TUR<\/a>\n                 <div class=\"class-info\">\n                  <div class=\"d-flex justify-content-end\">\n\t           <div class=\"class-icon-container\" title=\"Summer Semester\">\n                     <i class=\"class-icon text-yellow material-icons\">wb_sunny<\/i>\n                   <\/div>\n\t\t   <div class=\"class-icon-container\" title=\"Number of lectures and tutorials weekly\">\n                     <i class=\"class-icon material-icons\">schedule<\/i>\n                     <span>&nbsp;2 + 2<\/span>\n                   <\/div>\n\t\t   <div class=\"class-icon-container\" title=\"Seminar classification\">\n                     <i class=\"class-icon material-icons\">assistant_photo<\/i>\n                     <span>&nbsp;Z + Zk<\/span>\n                   <\/div>\n\t\t   <div class=\"class-icon-container\" title=\"Credits\">\n                     <i class=\"class-icon material-icons\">task_alt<\/i>\n\t\t     <span>&nbsp;4<\/span>\n                   <\/div>\n                  <\/div>\n                   <div class=\"class-teachers text-bold d-flex justify-content-end\">\n                     <span class=\"text-muted\">Teacher:&nbsp;<\/span><span>Jan Buri\u00e1nek<\/span>\n                   <\/div>\n                 <\/div>\n               <\/div>\n               <div class=\"d-flex justify-content-center\">\n                 <a href=\"http:\/\/bk.fit.cvut.cz\/cz\/predmety\/00\/00\/00\/00\/00\/00\/01\/12\/59\/p1125906.html\">User Interface Design<\/a>\n               <\/div>\n            <\/div>\n<\/div>\n\n\n\n<div class=\"wp-block-column is-layout-flow wp-block-column-is-layout-flow\">\n<h4 class=\"wp-block-heading\">Masters seminars<\/h4>\n\n\n<div class=\"card card-class\">\n               <div class=\"top-line\">\n                 <a href=\"http:\/\/bk.fit.cvut.cz\/cz\/predmety\/00\/00\/00\/00\/00\/00\/01\/43\/29\/p1432906.html\" class=\"class-code\">MI-NUR<\/a>\n                 <div class=\"class-info\">\n                  <div class=\"d-flex justify-content-end\">\n\t           <div class=\"class-icon-container\" title=\"Winter Semester\">\n                     <i class=\"class-icon text-primary material-icons\">ac_unit<\/i>\n                   <\/div>\n\t\t   <div class=\"class-icon-container\" title=\"Number of lectures and tutorials weekly\">\n                     <i class=\"class-icon material-icons\">schedule<\/i>\n                     <span>&nbsp;2 + 1<\/span>\n                   <\/div>\n\t\t   <div class=\"class-icon-container\" title=\"Seminar classification\">\n                     <i class=\"class-icon material-icons\">assistant_photo<\/i>\n                     <span>&nbsp;Z + Zk<\/span>\n                   <\/div>\n\t\t   <div class=\"class-icon-container\" title=\"Credits\">\n                     <i class=\"class-icon material-icons\">task_alt<\/i>\n\t\t     <span>&nbsp;5<\/span>\n                   <\/div>\n                  <\/div>\n                   <div class=\"class-teachers text-bold d-flex justify-content-end\">\n                     <span class=\"text-muted\">Teacher:&nbsp;<\/span><span>Pavel \u017dikovsk\u00fd<\/span>\n                   <\/div>\n                 <\/div>\n               <\/div>\n               <div class=\"d-flex justify-content-center\">\n                 <a href=\"http:\/\/bk.fit.cvut.cz\/cz\/predmety\/00\/00\/00\/00\/00\/00\/01\/43\/29\/p1432906.html\">User Interface Design<\/a>\n               <\/div>\n            <\/div>\n\n\n<div class=\"card card-class\">\n               <div class=\"top-line\">\n                 <a href=\"http:\/\/bk.fit.cvut.cz\/cz\/predmety\/00\/00\/00\/00\/00\/00\/06\/06\/95\/p6069506.html\" class=\"class-code\">MI-IAM<\/a>\n                 <div class=\"class-info\">\n                  <div class=\"d-flex justify-content-end\">\n\t           <div class=\"class-icon-container\" title=\"Summer Semester\">\n                     <i class=\"class-icon text-yellow material-icons\">wb_sunny<\/i>\n                   <\/div>\n\t\t   <div class=\"class-icon-container\" title=\"Number of lectures and tutorials weekly\">\n                     <i class=\"class-icon material-icons\">schedule<\/i>\n                     <span>&nbsp;2 + 1<\/span>\n                   <\/div>\n\t\t   <div class=\"class-icon-container\" title=\"Seminar classification\">\n                     <i class=\"class-icon material-icons\">assistant_photo<\/i>\n                     <span>&nbsp;Z + Zk<\/span>\n                   <\/div>\n\t\t   <div class=\"class-icon-container\" title=\"Credits\">\n                     <i class=\"class-icon material-icons\">task_alt<\/i>\n\t\t     <span>&nbsp;3<\/span>\n                   <\/div>\n                  <\/div>\n                   <div class=\"class-teachers text-bold d-flex justify-content-end\">\n                     <span class=\"text-muted\">Teacher:&nbsp;<\/span><span>Sven Ubik<\/span>\n                   <\/div>\n                 <\/div>\n               <\/div>\n               <div class=\"d-flex justify-content-center\">\n                 <a href=\"http:\/\/bk.fit.cvut.cz\/cz\/predmety\/00\/00\/00\/00\/00\/00\/06\/06\/95\/p6069506.html\">Internet and Multimedia<\/a>\n               <\/div>\n            <\/div>\n<\/div>\n<\/div>\n\n\n\n<p><\/p>","protected":false},"excerpt":{"rendered":"<p>Bakal\u00e1\u0159sk\u00e9 p\u0159edm\u011bty Magistersk\u00e9 p\u0159edm\u011bty<\/p>","protected":false},"author":1,"featured_media":0,"parent":0,"menu_order":0,"comment_status":"closed","ping_status":"closed","template":"","meta":{"_acf_changed":false,"footnotes":""},"class_list":["post-103","page","type-page","status-publish","hentry"],"acf":[],"_links":{"self":[{"href":"https:\/\/sagelab.cesnet.cz\/en\/wp-json\/wp\/v2\/pages\/103","targetHints":{"allow":["GET"]}}],"collection":[{"href":"https:\/\/sagelab.cesnet.cz\/en\/wp-json\/wp\/v2\/pages"}],"about":[{"href":"https:\/\/sagelab.cesnet.cz\/en\/wp-json\/wp\/v2\/types\/page"}],"author":[{"embeddable":true,"href":"https:\/\/sagelab.cesnet.cz\/en\/wp-json\/wp\/v2\/users\/1"}],"replies":[{"embeddable":true,"href":"https:\/\/sagelab.cesnet.cz\/en\/wp-json\/wp\/v2\/comments?post=103"}],"version-history":[{"count":13,"href":"https:\/\/sagelab.cesnet.cz\/en\/wp-json\/wp\/v2\/pages\/103\/revisions"}],"predecessor-version":[{"id":1064,"href":"https:\/\/sagelab.cesnet.cz\/en\/wp-json\/wp\/v2\/pages\/103\/revisions\/1064"}],"wp:attachment":[{"href":"https:\/\/sagelab.cesnet.cz\/en\/wp-json\/wp\/v2\/media?parent=103"}],"curies":[{"name":"wp","href":"https:\/\/api.w.org\/{rel}","templated":true}]}}